{"id":396,"date":"2024-04-09T18:20:47","date_gmt":"2024-04-09T17:20:47","guid":{"rendered":"http:\/\/lazarpetclass.local\/?post_type=product&#038;p=396"},"modified":"2024-05-10T16:13:35","modified_gmt":"2024-05-10T15:13:35","slug":"vrece-za-smece","status":"publish","type":"product","link":"https:\/\/petclass.rs\/en\/product\/vrece-za-smece\/","title":{"rendered":"Garbage sacks"},"content":{"rendered":"<p>Garbage bags are usually made of plastic or biodegradable materials and are used to collect, transport and dispose of waste. These bags are often stronger than regular bags and have a higher load capacity so they can support the weight of the trash without tearing or leaking. They are usually available in different colors to help distinguish and organize different types of waste.<\/p>","protected":false},"excerpt":{"rendered":"<p>Vre\u0107e za sme\u0107e su obi\u010dno napravljene od plastike ili biodegradabilnih materijala i koriste se za sakupljanje, transport i odlaganje otpada. Ove vre\u0107e su \u010desto ja\u010de od obi\u010dnih kesa i imaju ve\u0107u nosivost kako bi mogle da izdr\u017ee te\u017einu sme\u0107a bez kidanja ili curenja. Obi\u010dno su dostupne u razli\u010ditim bojama kako bi se lak\u0161e razlikovale i [&hellip;]<\/p>","protected":false},"featured_media":464,"comment_status":"closed","ping_status":"closed","template":"","meta":[],"product_brand":[],"product_cat":[22],"product_tag":[],"class_list":{"0":"post-396","1":"product","2":"type-product","3":"status-publish","4":"has-post-thumbnail","6":"product_cat-pe-kese","8":"first","9":"instock","10":"shipping-taxable","11":"product-type-simple"},"_links":{"self":[{"href":"https:\/\/petclass.rs\/en\/wp-json\/wp\/v2\/product\/396","targetHints":{"allow":["GET"]}}],"collection":[{"href":"https:\/\/petclass.rs\/en\/wp-json\/wp\/v2\/product"}],"about":[{"href":"https:\/\/petclass.rs\/en\/wp-json\/wp\/v2\/types\/product"}],"replies":[{"embeddable":true,"href":"https:\/\/petclass.rs\/en\/wp-json\/wp\/v2\/comments?post=396"}],"wp:featuredmedia":[{"embeddable":true,"href":"https:\/\/petclass.rs\/en\/wp-json\/wp\/v2\/media\/464"}],"wp:attachment":[{"href":"https:\/\/petclass.rs\/en\/wp-json\/wp\/v2\/media?parent=396"}],"wp:term":[{"taxonomy":"product_brand","embeddable":true,"href":"https:\/\/petclass.rs\/en\/wp-json\/wp\/v2\/product_brand?post=396"},{"taxonomy":"product_cat","embeddable":true,"href":"https:\/\/petclass.rs\/en\/wp-json\/wp\/v2\/product_cat?post=396"},{"taxonomy":"product_tag","embeddable":true,"href":"https:\/\/petclass.rs\/en\/wp-json\/wp\/v2\/product_tag?post=396"}],"curies":[{"name":"wp","href":"https:\/\/api.w.org\/{rel}","templated":true}]}}