{"id":401,"date":"2024-04-09T18:30:45","date_gmt":"2024-04-09T17:30:45","guid":{"rendered":"http:\/\/lazarpetclass.local\/?post_type=product&#038;p=401"},"modified":"2024-05-10T16:02:34","modified_gmt":"2024-05-10T15:02:34","slug":"termoskupljajuca-folija","status":"publish","type":"product","link":"https:\/\/petclass.rs\/en\/product\/termoskupljajuca-folija\/","title":{"rendered":"Thermo-shrink foil"},"content":{"rendered":"<p>Shrink wrap is a type of wrap that shrinks when exposed to heat. This film is usually made of low density polyethylene (LDPE) and is used in a variety of industrial and commercial applications.<\/p>\n<p>The heat shrink process is usually achieved by using a heat bag or tunnel that applies heat to the film, which activates the materials in the film and causes it to shrink and form around the item being packaged. This process enables the creation of strong, protective and aesthetically pleasing packaging that can be adapted to different shapes and sizes of objects.<\/p>","protected":false},"excerpt":{"rendered":"<p>Termoskupljaju\u0107a folija je vrsta folije koja se skuplja kada se izlo\u017ei toploti. Ova folija je obi\u010dno napravljena polietilena niske gustine (LDPE) i koristi se u razli\u010ditim industrijskim i komercijalnim aplikacijama. Proces termoskupljanja se obi\u010dno posti\u017ee kori\u0161\u0107enjem toplotne vre\u0107ice ili tunela koji primenjuju toplotu na foliju, \u010dime se aktiviraju materijali u foliji i uzrokuje da se [&hellip;]<\/p>","protected":false},"featured_media":459,"comment_status":"closed","ping_status":"closed","template":"","meta":[],"product_brand":[],"product_cat":[23],"product_tag":[],"class_list":{"0":"post-401","1":"product","2":"type-product","3":"status-publish","4":"has-post-thumbnail","6":"product_cat-pe-folije","8":"first","9":"instock","10":"shipping-taxable","11":"product-type-simple"},"_links":{"self":[{"href":"https:\/\/petclass.rs\/en\/wp-json\/wp\/v2\/product\/401","targetHints":{"allow":["GET"]}}],"collection":[{"href":"https:\/\/petclass.rs\/en\/wp-json\/wp\/v2\/product"}],"about":[{"href":"https:\/\/petclass.rs\/en\/wp-json\/wp\/v2\/types\/product"}],"replies":[{"embeddable":true,"href":"https:\/\/petclass.rs\/en\/wp-json\/wp\/v2\/comments?post=401"}],"wp:featuredmedia":[{"embeddable":true,"href":"https:\/\/petclass.rs\/en\/wp-json\/wp\/v2\/media\/459"}],"wp:attachment":[{"href":"https:\/\/petclass.rs\/en\/wp-json\/wp\/v2\/media?parent=401"}],"wp:term":[{"taxonomy":"product_brand","embeddable":true,"href":"https:\/\/petclass.rs\/en\/wp-json\/wp\/v2\/product_brand?post=401"},{"taxonomy":"product_cat","embeddable":true,"href":"https:\/\/petclass.rs\/en\/wp-json\/wp\/v2\/product_cat?post=401"},{"taxonomy":"product_tag","embeddable":true,"href":"https:\/\/petclass.rs\/en\/wp-json\/wp\/v2\/product_tag?post=401"}],"curies":[{"name":"wp","href":"https:\/\/api.w.org\/{rel}","templated":true}]}}