{"id":402,"date":"2024-04-09T18:30:50","date_gmt":"2024-04-09T17:30:50","guid":{"rendered":"http:\/\/lazarpetclass.local\/?post_type=product&#038;p=402"},"modified":"2024-04-18T20:32:37","modified_gmt":"2024-04-18T19:32:37","slug":"folija-za-pakerice","status":"publish","type":"product","link":"https:\/\/petclass.rs\/en\/product\/folija-za-pakerice\/","title":{"rendered":"Foil for packaging"},"content":{"rendered":"<p>Foil for packaging machines is a specific type of film used in industrial packaging machines to pack different products. This foil is designed to be compatible with certain types of packaging machines and can be of different types, including shrink films, vacuum bags, or flexible films used for packaging food, beverages, cosmetics, pharmaceuticals and other products.<\/p>","protected":false},"excerpt":{"rendered":"<p>Folija za pakirne ma\u0161ine je specifi\u010dan tip folije koji se koristi u industrijskim pakirnim ma\u0161inama kako bi se pakovali razli\u010diti proizvodi. Ova folija je dizajnirana da bude kompatibilna sa odre\u0111enim vrstama pakirnih ma\u0161ina i mo\u017ee biti razli\u010ditih vrsta, uklju\u010duju\u0107i termoskupljaju\u0107e folije, vre\u0107ice za vakuumiranje, ili fleksibilne folije koje se koriste za pakiranje hrane, pi\u0107a, kozmeti\u010dkih [&hellip;]<\/p>","protected":false},"featured_media":458,"comment_status":"closed","ping_status":"closed","template":"","meta":[],"product_brand":[],"product_cat":[23],"product_tag":[],"class_list":{"0":"post-402","1":"product","2":"type-product","3":"status-publish","4":"has-post-thumbnail","6":"product_cat-pe-folije","8":"first","9":"instock","10":"shipping-taxable","11":"product-type-simple"},"_links":{"self":[{"href":"https:\/\/petclass.rs\/en\/wp-json\/wp\/v2\/product\/402","targetHints":{"allow":["GET"]}}],"collection":[{"href":"https:\/\/petclass.rs\/en\/wp-json\/wp\/v2\/product"}],"about":[{"href":"https:\/\/petclass.rs\/en\/wp-json\/wp\/v2\/types\/product"}],"replies":[{"embeddable":true,"href":"https:\/\/petclass.rs\/en\/wp-json\/wp\/v2\/comments?post=402"}],"wp:featuredmedia":[{"embeddable":true,"href":"https:\/\/petclass.rs\/en\/wp-json\/wp\/v2\/media\/458"}],"wp:attachment":[{"href":"https:\/\/petclass.rs\/en\/wp-json\/wp\/v2\/media?parent=402"}],"wp:term":[{"taxonomy":"product_brand","embeddable":true,"href":"https:\/\/petclass.rs\/en\/wp-json\/wp\/v2\/product_brand?post=402"},{"taxonomy":"product_cat","embeddable":true,"href":"https:\/\/petclass.rs\/en\/wp-json\/wp\/v2\/product_cat?post=402"},{"taxonomy":"product_tag","embeddable":true,"href":"https:\/\/petclass.rs\/en\/wp-json\/wp\/v2\/product_tag?post=402"}],"curies":[{"name":"wp","href":"https:\/\/api.w.org\/{rel}","templated":true}]}}