{"id":403,"date":"2024-04-09T18:32:26","date_gmt":"2024-04-09T17:32:26","guid":{"rendered":"http:\/\/lazarpetclass.local\/?post_type=product&#038;p=403"},"modified":"2024-04-27T15:09:07","modified_gmt":"2024-04-27T14:09:07","slug":"folija-za-laminaciju","status":"publish","type":"product","link":"https:\/\/petclass.rs\/en\/product\/folija-za-laminaciju\/","title":{"rendered":"Foil for lamination"},"content":{"rendered":"<p>Laminating foil is a thin layer of plastic used to protect and reinforce printed materials, such as photos, documents, posters, cards, or other materials. The lamination process involves covering the printed material on both sides with a layer of foil and then heating it to melt and bond the plastic to the material underneath.<\/p>\n<p>There are different types of laminating foils, including glossy, matte, or semi-transparent films, which can further enhance the aesthetics of the printed material or provide additional protection against UV radiation or damage.<\/p>","protected":false},"excerpt":{"rendered":"<p>Folija za laminaciju je tanki sloj plastike koji se koristi da za\u0161titi i poja\u010da \u0161tampane materijale, kao \u0161to su fotografije, dokumenti, plakati, kartice, ili drugi materijali. Proces laminacije uklju\u010duje pokrivanje \u0161tampanog materijala sa obe strane slojem folije i zatim zagrevanje kako bi se plastika stopila i povezala sa materijalom ispod. Postoje razli\u010dite vrste folija za [&hellip;]<\/p>","protected":false},"featured_media":456,"comment_status":"closed","ping_status":"closed","template":"","meta":[],"product_brand":[],"product_cat":[23],"product_tag":[],"class_list":{"0":"post-403","1":"product","2":"type-product","3":"status-publish","4":"has-post-thumbnail","6":"product_cat-pe-folije","8":"first","9":"instock","10":"shipping-taxable","11":"product-type-simple"},"_links":{"self":[{"href":"https:\/\/petclass.rs\/en\/wp-json\/wp\/v2\/product\/403","targetHints":{"allow":["GET"]}}],"collection":[{"href":"https:\/\/petclass.rs\/en\/wp-json\/wp\/v2\/product"}],"about":[{"href":"https:\/\/petclass.rs\/en\/wp-json\/wp\/v2\/types\/product"}],"replies":[{"embeddable":true,"href":"https:\/\/petclass.rs\/en\/wp-json\/wp\/v2\/comments?post=403"}],"wp:featuredmedia":[{"embeddable":true,"href":"https:\/\/petclass.rs\/en\/wp-json\/wp\/v2\/media\/456"}],"wp:attachment":[{"href":"https:\/\/petclass.rs\/en\/wp-json\/wp\/v2\/media?parent=403"}],"wp:term":[{"taxonomy":"product_brand","embeddable":true,"href":"https:\/\/petclass.rs\/en\/wp-json\/wp\/v2\/product_brand?post=403"},{"taxonomy":"product_cat","embeddable":true,"href":"https:\/\/petclass.rs\/en\/wp-json\/wp\/v2\/product_cat?post=403"},{"taxonomy":"product_tag","embeddable":true,"href":"https:\/\/petclass.rs\/en\/wp-json\/wp\/v2\/product_tag?post=403"}],"curies":[{"name":"wp","href":"https:\/\/api.w.org\/{rel}","templated":true}]}}